{"id":11949,"date":"2018-10-07T01:40:33","date_gmt":"2018-10-06T23:40:33","guid":{"rendered":"https:\/\/www.eucare.it\/prodotto\/zeta-uno-pasta\/"},"modified":"2022-03-15T08:19:44","modified_gmt":"2022-03-15T07:19:44","slug":"zeta-uno-pasta","status":"publish","type":"product","link":"https:\/\/www.eucare.it\/en\/prodotto\/zeta-uno-pasta\/","title":{"rendered":"ZETA UNO 30 Pasta"},"content":{"rendered":"<div class=\"wpb-content-wrapper\"><h3 class=\"title slider-title\">ZETA UNO 30 PASTA<\/h3>\n<p><strong>Pasta all&#8217;ossido di zinco 30% arricchita con vitamina E<\/strong> ad azione barriera, lenitiva e rigenerante ideale nel trattamento degli stati irritativi causati da condizioni infiammatorie e\/o agenti esterni, sia del bambino che dell&#8217;adulto. Coadiuvante in dermatiti, dermatosi, stati essudativi, piaghe umide, intertrigini, eritemi cutanei, eritemi da pannolino.<\/p>\n<h3>Modalit\u00e0 d&#8217;uso<\/h3>\n<p>Distribuire fino ad assorbimento la quantit\u00e0 necessaria sulle parti interessate, preventivamente pulite. Pu\u00f2 essere usata pi\u00f9 volte al giorno e nel neonato a d ogni cambio del pannolino.<\/p>\n<h3>Ingredienti INCI (CTFA)<\/h3>\n<p>Zinc oxide, Ricinus communis seed oil, Hidrogenated castor oil, Copernifera cera, Cera alba, tocopheril acetate.<\/p>\n<p>[vc_row css=&#8221;.vc_custom_1483453657762{background-color: #f4f4f4 !important;}&#8221;][\/vc_row][vc_row css=&#8221;.vc_custom_1483453690451{background-color: #f2f2f2 !important;}&#8221;][vc_column][vc_column_text]<\/p>\n<h3 class=\"title slider-title\">Info e Spedizioni<\/h3>\n<p>[\/vc_column_text][vc_row_inner][vc_column_inner width=&#8221;1\/2&#8243;][vc_column_text]\n<div class=\"wpcf7 no-js\" id=\"wpcf7-f1124-o1\" lang=\"it-IT\" dir=\"ltr\" data-wpcf7-id=\"1124\">\n<div class=\"screen-reader-response\"><p role=\"status\" aria-live=\"polite\" aria-atomic=\"true\"><\/p> <ul><\/ul><\/div>\n<form action=\"\/en\/wp-json\/wp\/v2\/product\/11949#wpcf7-f1124-o1\" method=\"post\" class=\"wpcf7-form init\" aria-label=\"Modulo di contatto\" novalidate=\"novalidate\" data-status=\"init\">\n<fieldset class=\"hidden-fields-container\"><input type=\"hidden\" name=\"_wpcf7\" value=\"1124\" \/><input type=\"hidden\" name=\"_wpcf7_version\" value=\"6.1.5\" \/><input type=\"hidden\" name=\"_wpcf7_locale\" value=\"it_IT\" \/><input type=\"hidden\" name=\"_wpcf7_unit_tag\" value=\"wpcf7-f1124-o1\" \/><input type=\"hidden\" name=\"_wpcf7_container_post\" value=\"0\" \/><input type=\"hidden\" name=\"_wpcf7_posted_data_hash\" value=\"\" \/>\n<\/fieldset>\n<h5><b>Richiedi Maggiori Info per questo Prodotto Dermatologico<\/b>\n<\/h5>\n<p>Compila il form per richiedere maggiori informazioni per questo prodotto. Il nostro staff ti risponder\u00e0 nel minor tempo possibile.\n<\/p>\n<p><label><span class=\"wpcf7-form-control-wrap\" data-name=\"your-email\"><input size=\"40\" maxlength=\"400\" class=\"wpcf7-form-control wpcf7-email wpcf7-validates-as-required wpcf7-text wpcf7-validates-as-email\" aria-required=\"true\" aria-invalid=\"false\" placeholder=\"*Email per risposte\" value=\"\" type=\"email\" name=\"your-email\" \/><\/span> <\/label>\n<\/p>\n<p><label> <span class=\"wpcf7-form-control-wrap\" data-name=\"your-message\"><textarea cols=\"40\" rows=\"10\" maxlength=\"2000\" class=\"wpcf7-form-control wpcf7-textarea wpcf7-validates-as-required\" aria-required=\"true\" aria-invalid=\"false\" placeholder=\"*Digita qui il tuo messaggio di richiesta...\" name=\"your-message\"><\/textarea><\/span> <\/label>\n<\/p>\n<p><label><span class=\"wpcf7-form-control-wrap\" data-name=\"acceptance-293\"><span class=\"wpcf7-form-control wpcf7-acceptance\"><span class=\"wpcf7-list-item\"><input type=\"checkbox\" name=\"acceptance-293\" value=\"1\" aria-invalid=\"false\" \/><\/span><\/span><\/span>\n\t\t<font size=\"1\">Consenso alla <a href=\"http:\/\/www.eucare.it\/privacy-cookies-policy\/\" target=_blank\"\">Policy Privacy<\/a> del sito.\n\t\t<\/font><\/label>\n<\/p>\n<p><input class=\"wpcf7-form-control wpcf7-submit has-spinner\" type=\"submit\" value=\"Invia\" \/>\n<\/p><div class=\"wpcf7-response-output\" aria-hidden=\"true\"><\/div>\n<\/form>\n<\/div>\n[\/vc_column_text][\/vc_column_inner][vc_column_inner width=&#8221;1\/2&#8243;][vc_column_text]<\/p>\n<h5><b>Prevenzione, Cura e Trattamento della tua cute<\/b><\/h5>\n<p>Tutti i prodotti delle linee Eucare sono prettamente prodotti in Italia secondo le specifiche regolamentazioni di realizzazione e distribuzione.<\/p>\n<p><span style=\"font-size: medium;\"><i class=\"fa fa-truck\"><\/i> Spedizione Corriere Espresso<\/span><br \/>\nGli ordini pervenuti dal sito vengono evasi giornalmente. Le spedizioni avvengo tramite Corriere Espresso con consegne entro le 48\/72 ore.<\/p>\n<p><span style=\"font-size: medium;\"><i class=\"fa fa-credit-card\"><\/i> Pagamenti Sicuri <\/span><br \/>\nTutti i prodotti sul sito possono essere pagati tramite Carta di Credito o Bonifico Bancario. I sistemi di pagamenti sono verificati Paypal.<\/p>\n<p><span style=\"font-size: medium;\"><i class=\"fa fa-comments-o\"><\/i> <b>Assistente agli Ordini<\/b><\/span><br \/>\nAttraverso i form di contatto nelle sezioni dedicate \u00e8 possibile richiedere tutte le informazioni suoi prodotti o gli ordini Eucare. Il nostro staff \u00e8 tua completa disposizione sia nel pre vendita che nel post vendita.[\/vc_column_text][\/vc_column_inner][\/vc_row_inner][\/vc_column][\/vc_row]<\/p>\n<\/div>","protected":false},"excerpt":{"rendered":"<p>Pasta all&#8217;ossido di zinco 30% arricchita con vitamina E, ad azione barriera, lenitiva e rigenerante.<\/p>\n","protected":false},"featured_media":11940,"comment_status":"closed","ping_status":"closed","template":"","meta":[],"product_brand":[],"product_cat":[52],"product_tag":[],"class_list":{"0":"post-11949","1":"product","2":"type-product","3":"status-publish","4":"has-post-thumbnail","6":"product_cat-special-treatments","8":"first","9":"instock","10":"sale","11":"shipping-taxable","12":"purchasable","13":"product-type-simple"},"yoast_head":"<!-- This site is optimized with the Yoast SEO plugin v27.1.1 - https:\/\/yoast.com\/product\/yoast-seo-wordpress\/ -->\n<title>ZETA UNO 30 Pasta - Eucare Dermatologia<\/title>\n<meta name=\"robots\" content=\"index, follow, max-snippet:-1, max-image-preview:large, max-video-preview:-1\" \/>\n<link rel=\"canonical\" href=\"https:\/\/www.eucare.it\/prodotto\/zeta-uno-pasta\/\" \/>\n<meta property=\"og:locale\" content=\"en_US\" \/>\n<meta property=\"og:type\" content=\"article\" \/>\n<meta property=\"og:title\" content=\"ZETA UNO 30 Pasta - Eucare Dermatologia\" \/>\n<meta property=\"og:description\" content=\"Pasta all&#039;ossido di zinco 30% arricchita con vitamina E, ad azione barriera, lenitiva e rigenerante.\" \/>\n<meta property=\"og:url\" content=\"https:\/\/www.eucare.it\/prodotto\/zeta-uno-pasta\/\" \/>\n<meta property=\"og:site_name\" content=\"Eucare Dermatologia\" \/>\n<meta property=\"article:modified_time\" content=\"2022-03-15T07:19:44+00:00\" \/>\n<meta property=\"og:image\" content=\"https:\/\/www.eucare.it\/wp-content\/uploads\/QK0A6529.jpg\" \/>\n\t<meta property=\"og:image:width\" content=\"1024\" \/>\n\t<meta property=\"og:image:height\" content=\"1025\" \/>\n\t<meta property=\"og:image:type\" content=\"image\/jpeg\" \/>\n<meta name=\"twitter:card\" content=\"summary_large_image\" \/>\n<meta name=\"twitter:label1\" content=\"Est. reading time\" \/>\n\t<meta name=\"twitter:data1\" content=\"1 minute\" \/>\n<script type=\"application\/ld+json\" class=\"yoast-schema-graph\">{\"@context\":\"https:\/\/schema.org\",\"@graph\":[{\"@type\":\"WebPage\",\"@id\":\"https:\/\/www.eucare.it\/prodotto\/zeta-uno-pasta\/\",\"url\":\"https:\/\/www.eucare.it\/prodotto\/zeta-uno-pasta\/\",\"name\":\"ZETA UNO 30 Pasta - Eucare Dermatologia\",\"isPartOf\":{\"@id\":\"https:\/\/www.eucare.it\/#website\"},\"primaryImageOfPage\":{\"@id\":\"https:\/\/www.eucare.it\/prodotto\/zeta-uno-pasta\/#primaryimage\"},\"image\":{\"@id\":\"https:\/\/www.eucare.it\/prodotto\/zeta-uno-pasta\/#primaryimage\"},\"thumbnailUrl\":\"https:\/\/www.eucare.it\/wp-content\/uploads\/QK0A6529.jpg\",\"datePublished\":\"2018-10-06T23:40:33+00:00\",\"dateModified\":\"2022-03-15T07:19:44+00:00\",\"breadcrumb\":{\"@id\":\"https:\/\/www.eucare.it\/prodotto\/zeta-uno-pasta\/#breadcrumb\"},\"inLanguage\":\"en-US\",\"potentialAction\":[{\"@type\":\"ReadAction\",\"target\":[\"https:\/\/www.eucare.it\/prodotto\/zeta-uno-pasta\/\"]}]},{\"@type\":\"ImageObject\",\"inLanguage\":\"en-US\",\"@id\":\"https:\/\/www.eucare.it\/prodotto\/zeta-uno-pasta\/#primaryimage\",\"url\":\"https:\/\/www.eucare.it\/wp-content\/uploads\/QK0A6529.jpg\",\"contentUrl\":\"https:\/\/www.eucare.it\/wp-content\/uploads\/QK0A6529.jpg\",\"width\":1024,\"height\":1025},{\"@type\":\"BreadcrumbList\",\"@id\":\"https:\/\/www.eucare.it\/prodotto\/zeta-uno-pasta\/#breadcrumb\",\"itemListElement\":[{\"@type\":\"ListItem\",\"position\":1,\"name\":\"Home\",\"item\":\"https:\/\/www.eucare.it\/en\/\"},{\"@type\":\"ListItem\",\"position\":2,\"name\":\"Store\",\"item\":\"https:\/\/www.eucare.it\/en\/store\/\"},{\"@type\":\"ListItem\",\"position\":3,\"name\":\"ZETA UNO 30 Pasta\"}]},{\"@type\":\"WebSite\",\"@id\":\"https:\/\/www.eucare.it\/#website\",\"url\":\"https:\/\/www.eucare.it\/\",\"name\":\"Eucare Dermatologia\",\"description\":\"Prodotti Dermatologici.  Prevenzione, Cura e Trattamento della tua cute\",\"publisher\":{\"@id\":\"https:\/\/www.eucare.it\/#organization\"},\"potentialAction\":[{\"@type\":\"SearchAction\",\"target\":{\"@type\":\"EntryPoint\",\"urlTemplate\":\"https:\/\/www.eucare.it\/?s={search_term_string}\"},\"query-input\":{\"@type\":\"PropertyValueSpecification\",\"valueRequired\":true,\"valueName\":\"search_term_string\"}}],\"inLanguage\":\"en-US\"},{\"@type\":\"Organization\",\"@id\":\"https:\/\/www.eucare.it\/#organization\",\"name\":\"EUCARE Prodotti Dermatologici\",\"url\":\"https:\/\/www.eucare.it\/\",\"logo\":{\"@type\":\"ImageObject\",\"inLanguage\":\"en-US\",\"@id\":\"https:\/\/www.eucare.it\/#\/schema\/logo\/image\/\",\"url\":\"https:\/\/www.eucare.it\/wp-content\/uploads\/logo_eucare-news.png\",\"contentUrl\":\"https:\/\/www.eucare.it\/wp-content\/uploads\/logo_eucare-news.png\",\"width\":239,\"height\":164,\"caption\":\"EUCARE Prodotti Dermatologici\"},\"image\":{\"@id\":\"https:\/\/www.eucare.it\/#\/schema\/logo\/image\/\"}}]}<\/script>\n<!-- \/ Yoast SEO plugin. -->","yoast_head_json":{"title":"ZETA UNO 30 Pasta - Eucare Dermatologia","robots":{"index":"index","follow":"follow","max-snippet":"max-snippet:-1","max-image-preview":"max-image-preview:large","max-video-preview":"max-video-preview:-1"},"canonical":"https:\/\/www.eucare.it\/prodotto\/zeta-uno-pasta\/","og_locale":"en_US","og_type":"article","og_title":"ZETA UNO 30 Pasta - Eucare Dermatologia","og_description":"Pasta all'ossido di zinco 30% arricchita con vitamina E, ad azione barriera, lenitiva e rigenerante.","og_url":"https:\/\/www.eucare.it\/prodotto\/zeta-uno-pasta\/","og_site_name":"Eucare Dermatologia","article_modified_time":"2022-03-15T07:19:44+00:00","og_image":[{"width":1024,"height":1025,"url":"https:\/\/www.eucare.it\/wp-content\/uploads\/QK0A6529.jpg","type":"image\/jpeg"}],"twitter_card":"summary_large_image","twitter_misc":{"Est. reading time":"1 minute"},"schema":{"@context":"https:\/\/schema.org","@graph":[{"@type":"WebPage","@id":"https:\/\/www.eucare.it\/prodotto\/zeta-uno-pasta\/","url":"https:\/\/www.eucare.it\/prodotto\/zeta-uno-pasta\/","name":"ZETA UNO 30 Pasta - Eucare Dermatologia","isPartOf":{"@id":"https:\/\/www.eucare.it\/#website"},"primaryImageOfPage":{"@id":"https:\/\/www.eucare.it\/prodotto\/zeta-uno-pasta\/#primaryimage"},"image":{"@id":"https:\/\/www.eucare.it\/prodotto\/zeta-uno-pasta\/#primaryimage"},"thumbnailUrl":"https:\/\/www.eucare.it\/wp-content\/uploads\/QK0A6529.jpg","datePublished":"2018-10-06T23:40:33+00:00","dateModified":"2022-03-15T07:19:44+00:00","breadcrumb":{"@id":"https:\/\/www.eucare.it\/prodotto\/zeta-uno-pasta\/#breadcrumb"},"inLanguage":"en-US","potentialAction":[{"@type":"ReadAction","target":["https:\/\/www.eucare.it\/prodotto\/zeta-uno-pasta\/"]}]},{"@type":"ImageObject","inLanguage":"en-US","@id":"https:\/\/www.eucare.it\/prodotto\/zeta-uno-pasta\/#primaryimage","url":"https:\/\/www.eucare.it\/wp-content\/uploads\/QK0A6529.jpg","contentUrl":"https:\/\/www.eucare.it\/wp-content\/uploads\/QK0A6529.jpg","width":1024,"height":1025},{"@type":"BreadcrumbList","@id":"https:\/\/www.eucare.it\/prodotto\/zeta-uno-pasta\/#breadcrumb","itemListElement":[{"@type":"ListItem","position":1,"name":"Home","item":"https:\/\/www.eucare.it\/en\/"},{"@type":"ListItem","position":2,"name":"Store","item":"https:\/\/www.eucare.it\/en\/store\/"},{"@type":"ListItem","position":3,"name":"ZETA UNO 30 Pasta"}]},{"@type":"WebSite","@id":"https:\/\/www.eucare.it\/#website","url":"https:\/\/www.eucare.it\/","name":"Eucare Dermatologia","description":"Prodotti Dermatologici.  Prevenzione, Cura e Trattamento della tua cute","publisher":{"@id":"https:\/\/www.eucare.it\/#organization"},"potentialAction":[{"@type":"SearchAction","target":{"@type":"EntryPoint","urlTemplate":"https:\/\/www.eucare.it\/?s={search_term_string}"},"query-input":{"@type":"PropertyValueSpecification","valueRequired":true,"valueName":"search_term_string"}}],"inLanguage":"en-US"},{"@type":"Organization","@id":"https:\/\/www.eucare.it\/#organization","name":"EUCARE Prodotti Dermatologici","url":"https:\/\/www.eucare.it\/","logo":{"@type":"ImageObject","inLanguage":"en-US","@id":"https:\/\/www.eucare.it\/#\/schema\/logo\/image\/","url":"https:\/\/www.eucare.it\/wp-content\/uploads\/logo_eucare-news.png","contentUrl":"https:\/\/www.eucare.it\/wp-content\/uploads\/logo_eucare-news.png","width":239,"height":164,"caption":"EUCARE Prodotti Dermatologici"},"image":{"@id":"https:\/\/www.eucare.it\/#\/schema\/logo\/image\/"}}]}},"_links":{"self":[{"href":"https:\/\/www.eucare.it\/en\/wp-json\/wp\/v2\/product\/11949","targetHints":{"allow":["GET"]}}],"collection":[{"href":"https:\/\/www.eucare.it\/en\/wp-json\/wp\/v2\/product"}],"about":[{"href":"https:\/\/www.eucare.it\/en\/wp-json\/wp\/v2\/types\/product"}],"replies":[{"embeddable":true,"href":"https:\/\/www.eucare.it\/en\/wp-json\/wp\/v2\/comments?post=11949"}],"wp:featuredmedia":[{"embeddable":true,"href":"https:\/\/www.eucare.it\/en\/wp-json\/wp\/v2\/media\/11940"}],"wp:attachment":[{"href":"https:\/\/www.eucare.it\/en\/wp-json\/wp\/v2\/media?parent=11949"}],"wp:term":[{"taxonomy":"product_brand","embeddable":true,"href":"https:\/\/www.eucare.it\/en\/wp-json\/wp\/v2\/product_brand?post=11949"},{"taxonomy":"product_cat","embeddable":true,"href":"https:\/\/www.eucare.it\/en\/wp-json\/wp\/v2\/product_cat?post=11949"},{"taxonomy":"product_tag","embeddable":true,"href":"https:\/\/www.eucare.it\/en\/wp-json\/wp\/v2\/product_tag?post=11949"}],"curies":[{"name":"wp","href":"https:\/\/api.w.org\/{rel}","templated":true}]}}