{"id":1243,"date":"2013-10-22T11:45:21","date_gmt":"2013-10-22T09:45:21","guid":{"rendered":"http:\/\/www.eucare.it\/termini-e-condizioni-di-utilizzo\/"},"modified":"2017-01-17T21:42:06","modified_gmt":"2017-01-17T20:42:06","slug":"conditions-dutilisation","status":"publish","type":"page","link":"https:\/\/www.eucare.it\/fr\/conditions-dutilisation\/","title":{"rendered":"Conditions d&#8217;utilisation"},"content":{"rendered":"<h3><strong>TERMES ET CONDITIONS D&#8217;UTILISATION<\/strong><\/h3>\n<p>Conditions g\u00e9n\u00e9rales d&#8217;utilisation<br \/>\n<strong>CONDITIONS DE VENTE<\/strong><br \/>\nCes conditions de vente et les paragraphes qui suivent r\u00e9gissent l&#8217;offre et la vente de produits \u00e0 partir de notre site Web eucare.it. La vente sur ce site est r\u00e9alis\u00e9e par EUCARE S.r.l. enregistr\u00e9 au registre du commerce de Rome n\u00b0 REA 1321535, num\u00e9ro de TVA 11674281008 et num\u00e9ro d&#8217;identification fiscale 11674281008 dont le si\u00e8ge se trouve \u00e0 l&#8217;adresse suivante: Via Norcia, 22 \u2013 00181 Roma.<\/p>\n<p>Notre service et le service client r\u00e9pond \u00e0:<\/p>\n<p>EUCARE Srl<\/p>\n<p>Via Norcia, 22 \u2013 00181 Roma<br \/>\nTel. +39 06 78 07 302<br \/>\nTel. +39 06 78 07 303<br \/>\nFax +39 06 78 07 340<br \/>\ninfo@Eucare.it<\/p>\n<p>&nbsp;<\/p>\n<p><strong>COMMANDE:<\/strong><br \/>\nLes commandes peuvent \u00eatre faites:<br \/>\n-On line su: eucare.it<br \/>\n-Via mail: info@eucare.it<br \/>\n&#8211; En appelant le num\u00e9ro du service clients: +39 06 78 07 302<\/p>\n<p>&nbsp;<\/p>\n<p><strong>ARTICLES<\/strong><\/p>\n<p>Les producteurs des articles pr\u00e9sent\u00e9s sur ce site peuvent les modifier et les am\u00e9liorer sans pr\u00e9avis donc aucune correspondance parfaite avec les photos pr\u00e9sent\u00e9es sur notre site sont hors de notre contr\u00f4le, et en aucun cas ne peut \u00eatre contest\u00e9e.<\/p>\n<p>Les couleurs des produits vendus peuvent varier d&#8217;un \u00e9cran \u00e0 l&#8217;autre et en aucun cas cela fera objet de contestations.<\/p>\n<p>&nbsp;<\/p>\n<p><strong>PRIX<\/strong><\/p>\n<p>Les prix indiqu\u00e9s sur le site incluent la TVA et co\u00fbts connexes de l&#8217;unit\u00e9 de vente.<\/p>\n<p>&nbsp;<\/p>\n<p><strong>PAIEMENTS<\/strong><\/p>\n<p>Le client peut effectuer l&#8217;achat \u00e0 travers les modes de paiement suivants:<\/p>\n<p>&#8211; Carte de cr\u00e9dit avec PAYPAL<\/p>\n<p>&#8211; Virement bancaire<\/p>\n<p>Pour les paiements avec des informations de carte de cr\u00e9dit sensibles du client (num\u00e9ro de carte de cr\u00e9dit, date d&#8217;expiration, etc.) le client passera uniquement sur le site PAYPAL qui assurera l&#8217;utilisation et garantissant une s\u00e9curit\u00e9 maximale.<\/p>\n<p>&nbsp;<\/p>\n<p><strong>CONFIRMATION DE COMMANDE<\/strong><\/p>\n<p>Dans le site r\u00e9serv\u00e9 \u00e0 l&#8217;espace client et \u00e0 l&#8217;adresse e-mail qu&#8217;il nous aura indiqu\u00e9 celui-ci recevra une confirmation de sa commande avec un r\u00e9capitulatif des produits command\u00e9s, de leur prix, des co\u00fbts suppl\u00e9mentaires et les frais de livraison.<\/p>\n<p>&nbsp;<\/p>\n<p><strong>ENVOI DE LA COMMANDE<\/strong><\/p>\n<p>Les produits disponibles dans nos magasins seront ex\u00e9cut\u00e9s en 48\/72 heures, ou 96\/120 heures dans le cas d&#8217;ordre sup\u00e9rieur \u00e0 500 \u20ac.<\/p>\n<p>Les produits qui ne sont pas disponibles dans nos magasins seront trait\u00e9es aussi rapidement que possible. Tout d\u00e9lai sera communiqu\u00e9 au client, selon les besoins et les fournisseurs impliqu\u00e9s, cela pourrait mettre un peu plus de temps mais il ne sera jamais plus de 30 jours d&#8217;attente au risque d&#8217;une annulation du produit (DL 185 du 22 mai 1999) ou au remboursement total du montant au client, sauf si il y a eu un accord contraire entre EUCARE Srl et le client.<\/p>\n<p>&nbsp;<\/p>\n<p><strong>LIVRAISON<\/strong><\/p>\n<p>Les exp\u00e9ditions nationales sont par messagerie priv\u00e9e.<br \/>\nLes frais de port pour l&#8217;Italie sont de 8,00 \u20ac TVA incluse.<br \/>\nPour les commandes de plus 120,00 \u20ac la livraison est gratuite en Italie.<br \/>\nUne fois que les marchandises quittent le si\u00e8ge elles seront livr\u00e9es dans toute l&#8217;Italie en 48\/72 heures en fonction de la destination, sauf circonstances impr\u00e9vues.<\/p>\n<p>&nbsp;<\/p>\n<p><strong>LIVRAISON DU PRODUIT ET DE L&#8217;INT\u00c9GRIT\u00c9 VERIFICATION DES COLIS.<\/strong><\/p>\n<p>Lors de la r\u00e9ception du ou des colis, il est recommand\u00e9 de v\u00e9rifier l&#8217;int\u00e9grit\u00e9 et le nombre exact des colis, comme il est indiqu\u00e9 dans la lettre de recommandation de courrier.<\/p>\n<p>Si des anomalies sont d\u00e9cel\u00e9es, le client client doit signer l&#8217;accus\u00e9 de r\u00e9ception en sp\u00e9cifiant &#8220;sous r\u00e9serve&#8221;. Les documents de vente (re\u00e7us, factures, re\u00e7us, etc.) sont situ\u00e9s \u00e0 l&#8217;int\u00e9rieur du paquet.<\/p>\n<p>&nbsp;<\/p>\n<p><strong>DROIT A LA R\u00c9TRACTATION<\/strong><\/p>\n<p>Tout usage professionnel ne b\u00e9n\u00e9ficiera pas du droit de r\u00e9tractation.<\/p>\n<p>Le particulier a le droit de r\u00e9silier le contrat sans explication ni d\u00e9penses suppl\u00e9mentaires dans les 10 jours suivant la r\u00e9ception des marchandises en donnant un avis par courrier recommand\u00e9, par fax ou par e-mail \u00e0 la soci\u00e9t\u00e9 EUCARE srl indiquant les \u00e9l\u00e9ments qui seront renvoy\u00e9s.<\/p>\n<p>Ils ne seront pas pris en consid\u00e9ration les produits sans l&#8217;emballage d&#8217;origine, ni sans \u00e9tiquettes de vente ni d\u00e9branch\u00e9s ou qui ont \u00e9t\u00e9 utilis\u00e9s.<\/p>\n<p>&nbsp;<\/p>\n<p><strong>TEMPS ET METHODES DE REMBOURSEMENT.<\/strong><\/p>\n<p>Apr\u00e8s la restitution des marchandises, EUCARE srl proc\u00e9dera \u00e0 des v\u00e9rifications de l&#8217;\u00e9tat des produits et le respect des d\u00e9lais (comme indiqu\u00e9 dans l&#8217;alin\u00e9a pr\u00e9c\u00e9dent).<\/p>\n<p>Le remboursement sera effectu\u00e9 par virement bancaire dans les 30 jours de la manifestation du droit de r\u00e9tractation par le client lors de la r\u00e9ception de la marchandise.<\/p>\n<p>S&#8217;il n&#8217;y a pas de correspondance entre la personne effectuant le paiement des marchandises et qui a re\u00e7u la marchandise elle-m\u00eame, EUCARE srl remboursera celui qui aura fait le paiement.<\/p>\n<p>Les frais de retour des marchandises sont \u00e0 la charge du client.<\/p>\n<p>&nbsp;<\/p>\n<p><strong><br \/>\nPOLITIQUE DE CONFIDENTIALIT\u00c9.<\/strong><\/p>\n<p>Selon les dispositions du d\u00e9cret l\u00e9gislatif 30 Juin 2003, n. 196 sur la protection des donn\u00e9es personnelles, vous avez le droit \u00e0 tout moment de consulter, modifier ou supprimer vos informations dans nos archives.<\/p>\n<p>Le propri\u00e9taire du traitement des donn\u00e9es est EUARE srl dont le si\u00e8ge est: Via Norcia, 22-00181 &#8211; Rome<\/p>\n<p>le titulaire du traitement li\u00e9s aux services web de ce site a lieu dans les bureaux de EUCARE srl et ils ne sont manipul\u00e9s que par le personnel en charge du traitement, ou par d&#8217;autres personnes charg\u00e9es d&#8217;op\u00e9rations occasionnelles de maintenance.<\/p>\n<p>Le traitement des donn\u00e9es se fait sur la base du stockage des fichiers \u00e9lectroniques ou sur papier au si\u00e8ge de la soci\u00e9t\u00e9.<\/p>\n<p>Aucune donn\u00e9e du service web est communiqu\u00e9e ou diffus\u00e9e.<\/p>\n<p>Les informations personnelles fournies par les utilisateurs qui demandent l&#8217;envoi de mat\u00e9riel d&#8217;information ( offres par e-mail, demandes d&#8217;information, catalogues, etc.) ne sont utilis\u00e9s que pour effectuer le service ou l&#8217;assistance demand\u00e9e et elles sont communiqu\u00e9es \u00e0 des tiers seulement si lorsque cela est n\u00e9cessaire \u00e0 cette fin.<\/p>\n<p>Les donn\u00e9es personnelles sont trait\u00e9es pendant le temps strictement n\u00e9cessaire pour atteindre les fins pour lesquelles elles ont \u00e9t\u00e9 collect\u00e9es.<\/p>\n<p>&nbsp;<\/p>\n<p><strong>JURIDICTION.<\/strong><br \/>\nCes conditions g\u00e9n\u00e9rales de vente sont r\u00e9gies par la loi italienne.<br \/>\nTout litige sera tranch\u00e9 par la Cour de Rom<\/p>\n","protected":false},"excerpt":{"rendered":"<p>TERMES ET CONDITIONS D&#8217;UTILISATION Conditions g\u00e9n\u00e9rales d&#8217;utilisation CONDITIONS DE VENTE Ces conditions de vente et les paragraphes qui suivent r\u00e9gissent<\/p>\n","protected":false},"author":162,"featured_media":0,"parent":0,"menu_order":0,"comment_status":"open","ping_status":"open","template":"","meta":{"footnotes":""},"class_list":["post-1243","page","type-page","status-publish","hentry"],"yoast_head":"<!-- This site is optimized with the Yoast SEO plugin v27.1.1 - https:\/\/yoast.com\/product\/yoast-seo-wordpress\/ -->\n<title>Conditions d&#039;utilisation - Eucare Dermatologia<\/title>\n<meta name=\"robots\" content=\"index, follow, max-snippet:-1, max-image-preview:large, max-video-preview:-1\" \/>\n<link rel=\"canonical\" href=\"https:\/\/www.eucare.it\/termini-e-condizioni-di-utilizzo\/\" \/>\n<meta property=\"og:locale\" content=\"fr_FR\" \/>\n<meta property=\"og:type\" content=\"article\" \/>\n<meta property=\"og:title\" content=\"Conditions d&#039;utilisation - Eucare Dermatologia\" \/>\n<meta property=\"og:description\" content=\"TERMES ET CONDITIONS D&#8217;UTILISATION Conditions g\u00e9n\u00e9rales d&#8217;utilisation CONDITIONS DE VENTE Ces conditions de vente et les paragraphes qui suivent r\u00e9gissent\" \/>\n<meta property=\"og:url\" content=\"https:\/\/www.eucare.it\/termini-e-condizioni-di-utilizzo\/\" \/>\n<meta property=\"og:site_name\" content=\"Eucare Dermatologia\" \/>\n<meta property=\"article:modified_time\" content=\"2017-01-17T20:42:06+00:00\" \/>\n<meta name=\"twitter:card\" content=\"summary_large_image\" \/>\n<meta name=\"twitter:label1\" content=\"Dur\u00e9e de lecture estim\u00e9e\" \/>\n\t<meta name=\"twitter:data1\" content=\"5 minutes\" \/>\n<script type=\"application\/ld+json\" class=\"yoast-schema-graph\">{\"@context\":\"https:\/\/schema.org\",\"@graph\":[{\"@type\":\"WebPage\",\"@id\":\"https:\/\/www.eucare.it\/termini-e-condizioni-di-utilizzo\/\",\"url\":\"https:\/\/www.eucare.it\/termini-e-condizioni-di-utilizzo\/\",\"name\":\"Conditions d'utilisation - Eucare Dermatologia\",\"isPartOf\":{\"@id\":\"https:\/\/www.eucare.it\/#website\"},\"datePublished\":\"2013-10-22T09:45:21+00:00\",\"dateModified\":\"2017-01-17T20:42:06+00:00\",\"breadcrumb\":{\"@id\":\"https:\/\/www.eucare.it\/termini-e-condizioni-di-utilizzo\/#breadcrumb\"},\"inLanguage\":\"fr-FR\",\"potentialAction\":[{\"@type\":\"ReadAction\",\"target\":[\"https:\/\/www.eucare.it\/termini-e-condizioni-di-utilizzo\/\"]}]},{\"@type\":\"BreadcrumbList\",\"@id\":\"https:\/\/www.eucare.it\/termini-e-condizioni-di-utilizzo\/#breadcrumb\",\"itemListElement\":[{\"@type\":\"ListItem\",\"position\":1,\"name\":\"Home\",\"item\":\"https:\/\/www.eucare.it\/fr\/\"},{\"@type\":\"ListItem\",\"position\":2,\"name\":\"Conditions d&#8217;utilisation\"}]},{\"@type\":\"WebSite\",\"@id\":\"https:\/\/www.eucare.it\/#website\",\"url\":\"https:\/\/www.eucare.it\/\",\"name\":\"Eucare Dermatologia\",\"description\":\"Prodotti Dermatologici.  Prevenzione, Cura e Trattamento della tua cute\",\"publisher\":{\"@id\":\"https:\/\/www.eucare.it\/#organization\"},\"potentialAction\":[{\"@type\":\"SearchAction\",\"target\":{\"@type\":\"EntryPoint\",\"urlTemplate\":\"https:\/\/www.eucare.it\/?s={search_term_string}\"},\"query-input\":{\"@type\":\"PropertyValueSpecification\",\"valueRequired\":true,\"valueName\":\"search_term_string\"}}],\"inLanguage\":\"fr-FR\"},{\"@type\":\"Organization\",\"@id\":\"https:\/\/www.eucare.it\/#organization\",\"name\":\"EUCARE Prodotti Dermatologici\",\"url\":\"https:\/\/www.eucare.it\/\",\"logo\":{\"@type\":\"ImageObject\",\"inLanguage\":\"fr-FR\",\"@id\":\"https:\/\/www.eucare.it\/#\/schema\/logo\/image\/\",\"url\":\"https:\/\/www.eucare.it\/wp-content\/uploads\/logo_eucare-news.png\",\"contentUrl\":\"https:\/\/www.eucare.it\/wp-content\/uploads\/logo_eucare-news.png\",\"width\":239,\"height\":164,\"caption\":\"EUCARE Prodotti Dermatologici\"},\"image\":{\"@id\":\"https:\/\/www.eucare.it\/#\/schema\/logo\/image\/\"}}]}<\/script>\n<!-- \/ Yoast SEO plugin. -->","yoast_head_json":{"title":"Conditions d'utilisation - Eucare Dermatologia","robots":{"index":"index","follow":"follow","max-snippet":"max-snippet:-1","max-image-preview":"max-image-preview:large","max-video-preview":"max-video-preview:-1"},"canonical":"https:\/\/www.eucare.it\/termini-e-condizioni-di-utilizzo\/","og_locale":"fr_FR","og_type":"article","og_title":"Conditions d'utilisation - Eucare Dermatologia","og_description":"TERMES ET CONDITIONS D&#8217;UTILISATION Conditions g\u00e9n\u00e9rales d&#8217;utilisation CONDITIONS DE VENTE Ces conditions de vente et les paragraphes qui suivent r\u00e9gissent","og_url":"https:\/\/www.eucare.it\/termini-e-condizioni-di-utilizzo\/","og_site_name":"Eucare Dermatologia","article_modified_time":"2017-01-17T20:42:06+00:00","twitter_card":"summary_large_image","twitter_misc":{"Dur\u00e9e de lecture estim\u00e9e":"5 minutes"},"schema":{"@context":"https:\/\/schema.org","@graph":[{"@type":"WebPage","@id":"https:\/\/www.eucare.it\/termini-e-condizioni-di-utilizzo\/","url":"https:\/\/www.eucare.it\/termini-e-condizioni-di-utilizzo\/","name":"Conditions d'utilisation - Eucare Dermatologia","isPartOf":{"@id":"https:\/\/www.eucare.it\/#website"},"datePublished":"2013-10-22T09:45:21+00:00","dateModified":"2017-01-17T20:42:06+00:00","breadcrumb":{"@id":"https:\/\/www.eucare.it\/termini-e-condizioni-di-utilizzo\/#breadcrumb"},"inLanguage":"fr-FR","potentialAction":[{"@type":"ReadAction","target":["https:\/\/www.eucare.it\/termini-e-condizioni-di-utilizzo\/"]}]},{"@type":"BreadcrumbList","@id":"https:\/\/www.eucare.it\/termini-e-condizioni-di-utilizzo\/#breadcrumb","itemListElement":[{"@type":"ListItem","position":1,"name":"Home","item":"https:\/\/www.eucare.it\/fr\/"},{"@type":"ListItem","position":2,"name":"Conditions d&#8217;utilisation"}]},{"@type":"WebSite","@id":"https:\/\/www.eucare.it\/#website","url":"https:\/\/www.eucare.it\/","name":"Eucare Dermatologia","description":"Prodotti Dermatologici.  Prevenzione, Cura e Trattamento della tua cute","publisher":{"@id":"https:\/\/www.eucare.it\/#organization"},"potentialAction":[{"@type":"SearchAction","target":{"@type":"EntryPoint","urlTemplate":"https:\/\/www.eucare.it\/?s={search_term_string}"},"query-input":{"@type":"PropertyValueSpecification","valueRequired":true,"valueName":"search_term_string"}}],"inLanguage":"fr-FR"},{"@type":"Organization","@id":"https:\/\/www.eucare.it\/#organization","name":"EUCARE Prodotti Dermatologici","url":"https:\/\/www.eucare.it\/","logo":{"@type":"ImageObject","inLanguage":"fr-FR","@id":"https:\/\/www.eucare.it\/#\/schema\/logo\/image\/","url":"https:\/\/www.eucare.it\/wp-content\/uploads\/logo_eucare-news.png","contentUrl":"https:\/\/www.eucare.it\/wp-content\/uploads\/logo_eucare-news.png","width":239,"height":164,"caption":"EUCARE Prodotti Dermatologici"},"image":{"@id":"https:\/\/www.eucare.it\/#\/schema\/logo\/image\/"}}]}},"_links":{"self":[{"href":"https:\/\/www.eucare.it\/fr\/wp-json\/wp\/v2\/pages\/1243","targetHints":{"allow":["GET"]}}],"collection":[{"href":"https:\/\/www.eucare.it\/fr\/wp-json\/wp\/v2\/pages"}],"about":[{"href":"https:\/\/www.eucare.it\/fr\/wp-json\/wp\/v2\/types\/page"}],"author":[{"embeddable":true,"href":"https:\/\/www.eucare.it\/fr\/wp-json\/wp\/v2\/users\/162"}],"replies":[{"embeddable":true,"href":"https:\/\/www.eucare.it\/fr\/wp-json\/wp\/v2\/comments?post=1243"}],"version-history":[{"count":3,"href":"https:\/\/www.eucare.it\/fr\/wp-json\/wp\/v2\/pages\/1243\/revisions"}],"predecessor-version":[{"id":1549,"href":"https:\/\/www.eucare.it\/fr\/wp-json\/wp\/v2\/pages\/1243\/revisions\/1549"}],"wp:attachment":[{"href":"https:\/\/www.eucare.it\/fr\/wp-json\/wp\/v2\/media?parent=1243"}],"curies":[{"name":"wp","href":"https:\/\/api.w.org\/{rel}","templated":true}]}}