{"id":1326,"date":"2016-12-03T10:05:33","date_gmt":"2016-12-03T09:05:33","guid":{"rendered":"http:\/\/www.eucare.it\/prodotto\/prodea-hydra-corpo\/"},"modified":"2017-01-18T15:02:55","modified_gmt":"2017-01-18T14:02:55","slug":"prodea-hydra-corpo","status":"publish","type":"product","link":"https:\/\/www.eucare.it\/fr\/prodotto\/prodea-hydra-corpo\/","title":{"rendered":"Prodea Hydra Corps"},"content":{"rendered":"<div class=\"wpb-content-wrapper\"><h3 class=\"title slider-title\">Prodea Hydra Corps<\/h3>\n<p>\u00c9mulsion hydratante.<br \/>\nFormulation hypoallerg\u00e9nique con\u00e7ue pour la tol\u00e9rance maximale. Indiqu\u00e9 dans les soins quotidiens de la peau s\u00e8che, sensible ou sous contrainte th\u00e9rapeutique.<\/p>\n<p>Ce produit joue r\u00f4le significatif dans l&#8217;hydratation de votre peau. Sa formule riche en ingr\u00e9dients, \u00e9mollients et hydratants actifs naturels aide \u00e0 restaurer la fonction physiologique de la barri\u00e8re de l&#8217;\u00e9piderme.<\/p>\n<h4>Comment utiliser<\/h4>\n<p>Appliquer quotidiennement sur tout le corps, en massant jusqu&#8217;\u00e0 absorption compl\u00e8te. Ne pas laisser ouvert le produit apr\u00e8s utilisation.<\/p>\n<p>L&#8217;utilisation de r\u00e9guli\u00e8re de Prodea Hydra Corps associ\u00e9 \u00e0 Prodea Huile D\u00e9maquillant intensifiel&#8217;action nourrissantes, protectrices et hydratantes, gr\u00e2ce \u00e0 la synergie des principes actifs.<\/p>\n<h4>Ingr\u00e9dients<\/h4>\n<p>PRODEA Hydra Corps n&#8217;a pas de parfums, des colorants, et de l&#8217;EDTA. Contient Aqua, glyc\u00e9ryle Stearate, Steareth-25, Ceteth-20, st\u00e9arylique alchol, Caprilyc caprique triglyderide, Ethylexyldodecanol, l&#8217;alcool st\u00e9arylique, tocoph\u00e9rol, palmitate de c\u00e9tyle, Butyrospermum parkii Beurre, Polydatin, Olea europea insaponifiables, benzoate de sodium, sorbate de potassium, Setyl alchol , ph\u00e9noxy\u00e9thanol, Ethylexylglycerin, Dimethicone, gomme xanthane, c\u00e9ramide 3<\/p>\n<h4>EUCARE dermatologie<\/h4>\n<p>La ligne de produits EUCARE a \u00e9t\u00e9 formul\u00e9e pour les peaux particuli\u00e8rement sensibles et d\u00e9licates et qui sont soumises \u00e0 un stress th\u00e9rapeutique. L&#8217;utilisation d&#8217;ingr\u00e9dients fonctionnels d&#8217;origine v\u00e9g\u00e9tale et marine r\u00e9duit au minimum l&#8217;utilisation d&#8217;ingr\u00e9dients potentiellement irritants.<\/p>\n<p>Les produits de EUCARE sont exempt\u00e9s de vaseline, de paraffine et de produits d\u00e9riv\u00e9s de p\u00e9trole, des savons et des colorants. Nickel, plomb, chrome, molybd\u00e8ne test\u00e9.<\/p>\n<p><img decoding=\"async\" src=\"https:\/\/www.eucare.it\/wp-content\/uploads\/prodotto-italiano.png\" width=\"50px\"><br \/>\n&nbsp;<br \/>\n<br \/>\n[vc_row css=&#8221;.vc_custom_1483453657762{background-color: #f4f4f4 !important;}&#8221;][\/vc_row][vc_row css=&#8221;.vc_custom_1483453690451{background-color: #f2f2f2 !important;}&#8221;][vc_column][vc_column_text]<\/p>\n<h3 class=\"title slider-title\">Infos et Exp\u00e9dition<\/h3>\n<p>[\/vc_column_text][vc_row_inner][vc_column_inner width=&#8221;1\/2&#8243;][vc_column_text]\n<div class=\"wpcf7 no-js\" id=\"wpcf7-f1327-o1\" lang=\"it-IT\" dir=\"ltr\" data-wpcf7-id=\"1327\">\n<div class=\"screen-reader-response\"><p role=\"status\" aria-live=\"polite\" aria-atomic=\"true\"><\/p> <ul><\/ul><\/div>\n<form action=\"\/fr\/wp-json\/wp\/v2\/product\/1326#wpcf7-f1327-o1\" method=\"post\" class=\"wpcf7-form init\" aria-label=\"Modulo di contatto\" novalidate=\"novalidate\" data-status=\"init\">\n<fieldset class=\"hidden-fields-container\"><input type=\"hidden\" name=\"_wpcf7\" value=\"1327\" \/><input type=\"hidden\" name=\"_wpcf7_version\" value=\"6.1.5\" \/><input type=\"hidden\" name=\"_wpcf7_locale\" value=\"it_IT\" \/><input type=\"hidden\" name=\"_wpcf7_unit_tag\" value=\"wpcf7-f1327-o1\" \/><input type=\"hidden\" name=\"_wpcf7_container_post\" value=\"0\" \/><input type=\"hidden\" name=\"_wpcf7_posted_data_hash\" value=\"\" \/>\n<\/fieldset>\n<h5><b>Demandez plus d'informations pour ce produit Dermatologiques<\/b>\n<\/h5>\n<p>Remplissez le formulaire pour demander plus d'informations sur ce produit. Le personnel Ilnostro r\u00e9pondra le plus rapidement possible\n<\/p>\n<p><label><span class=\"wpcf7-form-control-wrap\" data-name=\"your-email\"><input size=\"40\" maxlength=\"400\" class=\"wpcf7-form-control wpcf7-email wpcf7-validates-as-required wpcf7-text wpcf7-validates-as-email\" aria-required=\"true\" aria-invalid=\"false\" placeholder=\"*Email\" value=\"\" type=\"email\" name=\"your-email\" \/><\/span> <\/label>\n<\/p>\n<p><label> <span class=\"wpcf7-form-control-wrap\" data-name=\"your-message\"><textarea cols=\"40\" rows=\"10\" maxlength=\"2000\" class=\"wpcf7-form-control wpcf7-textarea wpcf7-validates-as-required\" aria-required=\"true\" aria-invalid=\"false\" placeholder=\"*S&#039;il vous pla\u00eet taper votre message de demande...\" name=\"your-message\"><\/textarea><\/span> <\/label>\n<\/p>\n<p><label><span class=\"wpcf7-form-control-wrap\" data-name=\"acceptance-293\"><span class=\"wpcf7-form-control wpcf7-acceptance\"><span class=\"wpcf7-list-item\"><input type=\"checkbox\" name=\"acceptance-293\" value=\"1\" aria-invalid=\"false\" \/><\/span><\/span><\/span>\n\t\t<font size=\"1\">Consentement <a href=\"http:\/\/www.eucare.it\/fr\/privacy-cookies-policy\/\" target=_blank\"\">Privacy<\/a>\n\t\t<\/font><\/label>\n<\/p>\n<p><input class=\"wpcf7-form-control wpcf7-submit has-spinner\" type=\"submit\" value=\"ENVOYER\" \/>\n<\/p><div class=\"wpcf7-response-output\" aria-hidden=\"true\"><\/div>\n<\/form>\n<\/div>\n[\/vc_column_text][\/vc_column_inner][vc_column_inner width=&#8221;1\/2&#8243;][vc_column_text]<\/p>\n<h5><b>Pr\u00e9vention, soins et traitement de votre peau<\/b><\/h5>\n<p>Les produits de lignes de EUCARE sont essentiels dans la pr\u00e9vention, les soins et le traitement de la peau. Tous les produits de la ligne EUCARE sont strictement produits en Italie.<\/p>\n<p><span style=\"font-size: medium;\"><i class=\"fa fa-truck\"><\/i> Livraison Courier Express<\/span><br \/>\nLes commandes re\u00e7ues sur le site sont trait\u00e9es quotidiennement. Les exp\u00e9ditions sont effectu\u00e9es par courrier express avec livraison en moins de 48 \/ 72 heures.<\/p>\n<p><span style=\"font-size: medium;\"><i class=\"fa fa-credit-card\"><\/i> Paiements S\u00e9curis\u00e9s <\/span><br \/>\nTous les produits sur le site peuvent \u00eatre pay\u00e9s par carte de cr\u00e9dit ou virement bancaire. Les syst\u00e8mes de paiement sont v\u00e9rifi\u00e9s Paypal.<\/p>\n<p><span style=\"font-size: medium;\"><i class=\"fa fa-comments-o\"><\/i> <b>Assistance Commandes<\/b><\/span><br \/>\nVous pouvez via le formulaire de contact dans les sections d\u00e9di\u00e9es demander toutes les informations de vos produits ou vos commandes de EUCARE. Notre personnel est \u00e0 votre disposition durant la pr\u00e9-vente qu&#8217;ainsi durant l&#8217;apr\u00e8s-vente.<\/p>\n<p>[\/vc_column_text][\/vc_column_inner][\/vc_row_inner][\/vc_column][\/vc_row]<\/p>\n<\/div>","protected":false},"excerpt":{"rendered":"<p><strong>\u00c9mulsion hydratante.<\/strong><br \/>\nFormulation hypoallerg\u00e9nique con\u00e7ue pour la tol\u00e9rance maximale. Indiqu\u00e9 dans les soins quotidiens de la peau s\u00e8che, sensible ou sous contrainte th\u00e9rapeutique.<\/p>\n","protected":false},"featured_media":1935,"comment_status":"closed","ping_status":"closed","template":"","meta":[],"product_brand":[],"product_cat":[53],"product_tag":[65,67],"class_list":{"0":"post-1326","1":"product","2":"type-product","3":"status-publish","4":"has-post-thumbnail","6":"product_cat-traitements-specifiques","7":"product_tag-cute-sensibile-fr","8":"product_tag-stress-terapeutici-fr","10":"first","11":"instock","12":"sale","13":"shipping-taxable","14":"purchasable","15":"product-type-simple"},"yoast_head":"<!-- This site is optimized with the Yoast SEO plugin v27.1.1 - https:\/\/yoast.com\/product\/yoast-seo-wordpress\/ -->\n<title>Prodea Hydra Corps - Eucare Dermatologia<\/title>\n<meta name=\"robots\" content=\"index, follow, max-snippet:-1, max-image-preview:large, max-video-preview:-1\" \/>\n<link rel=\"canonical\" href=\"https:\/\/www.eucare.it\/fr\/prodotto\/prodea-hydra-corpo\/\" \/>\n<meta property=\"og:locale\" content=\"fr_FR\" \/>\n<meta property=\"og:type\" content=\"article\" \/>\n<meta property=\"og:title\" content=\"Prodea Hydra Corps - Eucare Dermatologia\" \/>\n<meta property=\"og:description\" content=\"\u00c9mulsion hydratante. Formulation hypoallerg\u00e9nique con\u00e7ue pour la tol\u00e9rance maximale. Indiqu\u00e9 dans les soins quotidiens de la peau s\u00e8che, sensible ou sous contrainte th\u00e9rapeutique.\" \/>\n<meta property=\"og:url\" content=\"https:\/\/www.eucare.it\/fr\/prodotto\/prodea-hydra-corpo\/\" \/>\n<meta property=\"og:site_name\" content=\"Eucare Dermatologia\" \/>\n<meta property=\"article:modified_time\" content=\"2017-01-18T14:02:55+00:00\" \/>\n<meta property=\"og:image\" content=\"https:\/\/www.eucare.it\/wp-content\/uploads\/QK0A0866-copia.jpg\" \/>\n\t<meta property=\"og:image:width\" content=\"1024\" \/>\n\t<meta property=\"og:image:height\" content=\"1024\" \/>\n\t<meta property=\"og:image:type\" content=\"image\/jpeg\" \/>\n<meta name=\"twitter:card\" content=\"summary_large_image\" \/>\n<meta name=\"twitter:label1\" content=\"Dur\u00e9e de lecture estim\u00e9e\" \/>\n\t<meta name=\"twitter:data1\" content=\"2 minutes\" \/>\n<script type=\"application\/ld+json\" class=\"yoast-schema-graph\">{\"@context\":\"https:\/\/schema.org\",\"@graph\":[{\"@type\":\"WebPage\",\"@id\":\"https:\/\/www.eucare.it\/fr\/prodotto\/prodea-hydra-corpo\/\",\"url\":\"https:\/\/www.eucare.it\/fr\/prodotto\/prodea-hydra-corpo\/\",\"name\":\"Prodea Hydra Corps - Eucare Dermatologia\",\"isPartOf\":{\"@id\":\"https:\/\/www.eucare.it\/#website\"},\"primaryImageOfPage\":{\"@id\":\"https:\/\/www.eucare.it\/fr\/prodotto\/prodea-hydra-corpo\/#primaryimage\"},\"image\":{\"@id\":\"https:\/\/www.eucare.it\/fr\/prodotto\/prodea-hydra-corpo\/#primaryimage\"},\"thumbnailUrl\":\"https:\/\/www.eucare.it\/wp-content\/uploads\/QK0A0866-copia.jpg\",\"datePublished\":\"2016-12-03T09:05:33+00:00\",\"dateModified\":\"2017-01-18T14:02:55+00:00\",\"breadcrumb\":{\"@id\":\"https:\/\/www.eucare.it\/fr\/prodotto\/prodea-hydra-corpo\/#breadcrumb\"},\"inLanguage\":\"fr-FR\",\"potentialAction\":[{\"@type\":\"ReadAction\",\"target\":[\"https:\/\/www.eucare.it\/fr\/prodotto\/prodea-hydra-corpo\/\"]}]},{\"@type\":\"ImageObject\",\"inLanguage\":\"fr-FR\",\"@id\":\"https:\/\/www.eucare.it\/fr\/prodotto\/prodea-hydra-corpo\/#primaryimage\",\"url\":\"https:\/\/www.eucare.it\/wp-content\/uploads\/QK0A0866-copia.jpg\",\"contentUrl\":\"https:\/\/www.eucare.it\/wp-content\/uploads\/QK0A0866-copia.jpg\",\"width\":1024,\"height\":1024},{\"@type\":\"BreadcrumbList\",\"@id\":\"https:\/\/www.eucare.it\/fr\/prodotto\/prodea-hydra-corpo\/#breadcrumb\",\"itemListElement\":[{\"@type\":\"ListItem\",\"position\":1,\"name\":\"Home\",\"item\":\"https:\/\/www.eucare.it\/fr\/\"},{\"@type\":\"ListItem\",\"position\":2,\"name\":\"Boutique\",\"item\":\"https:\/\/www.eucare.it\/fr\/boutique\/\"},{\"@type\":\"ListItem\",\"position\":3,\"name\":\"Prodea Hydra Corps\"}]},{\"@type\":\"WebSite\",\"@id\":\"https:\/\/www.eucare.it\/#website\",\"url\":\"https:\/\/www.eucare.it\/\",\"name\":\"Eucare Dermatologia\",\"description\":\"Prodotti Dermatologici.  Prevenzione, Cura e Trattamento della tua cute\",\"publisher\":{\"@id\":\"https:\/\/www.eucare.it\/#organization\"},\"potentialAction\":[{\"@type\":\"SearchAction\",\"target\":{\"@type\":\"EntryPoint\",\"urlTemplate\":\"https:\/\/www.eucare.it\/?s={search_term_string}\"},\"query-input\":{\"@type\":\"PropertyValueSpecification\",\"valueRequired\":true,\"valueName\":\"search_term_string\"}}],\"inLanguage\":\"fr-FR\"},{\"@type\":\"Organization\",\"@id\":\"https:\/\/www.eucare.it\/#organization\",\"name\":\"EUCARE Prodotti Dermatologici\",\"url\":\"https:\/\/www.eucare.it\/\",\"logo\":{\"@type\":\"ImageObject\",\"inLanguage\":\"fr-FR\",\"@id\":\"https:\/\/www.eucare.it\/#\/schema\/logo\/image\/\",\"url\":\"https:\/\/www.eucare.it\/wp-content\/uploads\/logo_eucare-news.png\",\"contentUrl\":\"https:\/\/www.eucare.it\/wp-content\/uploads\/logo_eucare-news.png\",\"width\":239,\"height\":164,\"caption\":\"EUCARE Prodotti Dermatologici\"},\"image\":{\"@id\":\"https:\/\/www.eucare.it\/#\/schema\/logo\/image\/\"}}]}<\/script>\n<!-- \/ Yoast SEO plugin. -->","yoast_head_json":{"title":"Prodea Hydra Corps - Eucare Dermatologia","robots":{"index":"index","follow":"follow","max-snippet":"max-snippet:-1","max-image-preview":"max-image-preview:large","max-video-preview":"max-video-preview:-1"},"canonical":"https:\/\/www.eucare.it\/fr\/prodotto\/prodea-hydra-corpo\/","og_locale":"fr_FR","og_type":"article","og_title":"Prodea Hydra Corps - Eucare Dermatologia","og_description":"\u00c9mulsion hydratante. Formulation hypoallerg\u00e9nique con\u00e7ue pour la tol\u00e9rance maximale. Indiqu\u00e9 dans les soins quotidiens de la peau s\u00e8che, sensible ou sous contrainte th\u00e9rapeutique.","og_url":"https:\/\/www.eucare.it\/fr\/prodotto\/prodea-hydra-corpo\/","og_site_name":"Eucare Dermatologia","article_modified_time":"2017-01-18T14:02:55+00:00","og_image":[{"width":1024,"height":1024,"url":"https:\/\/www.eucare.it\/wp-content\/uploads\/QK0A0866-copia.jpg","type":"image\/jpeg"}],"twitter_card":"summary_large_image","twitter_misc":{"Dur\u00e9e de lecture estim\u00e9e":"2 minutes"},"schema":{"@context":"https:\/\/schema.org","@graph":[{"@type":"WebPage","@id":"https:\/\/www.eucare.it\/fr\/prodotto\/prodea-hydra-corpo\/","url":"https:\/\/www.eucare.it\/fr\/prodotto\/prodea-hydra-corpo\/","name":"Prodea Hydra Corps - Eucare Dermatologia","isPartOf":{"@id":"https:\/\/www.eucare.it\/#website"},"primaryImageOfPage":{"@id":"https:\/\/www.eucare.it\/fr\/prodotto\/prodea-hydra-corpo\/#primaryimage"},"image":{"@id":"https:\/\/www.eucare.it\/fr\/prodotto\/prodea-hydra-corpo\/#primaryimage"},"thumbnailUrl":"https:\/\/www.eucare.it\/wp-content\/uploads\/QK0A0866-copia.jpg","datePublished":"2016-12-03T09:05:33+00:00","dateModified":"2017-01-18T14:02:55+00:00","breadcrumb":{"@id":"https:\/\/www.eucare.it\/fr\/prodotto\/prodea-hydra-corpo\/#breadcrumb"},"inLanguage":"fr-FR","potentialAction":[{"@type":"ReadAction","target":["https:\/\/www.eucare.it\/fr\/prodotto\/prodea-hydra-corpo\/"]}]},{"@type":"ImageObject","inLanguage":"fr-FR","@id":"https:\/\/www.eucare.it\/fr\/prodotto\/prodea-hydra-corpo\/#primaryimage","url":"https:\/\/www.eucare.it\/wp-content\/uploads\/QK0A0866-copia.jpg","contentUrl":"https:\/\/www.eucare.it\/wp-content\/uploads\/QK0A0866-copia.jpg","width":1024,"height":1024},{"@type":"BreadcrumbList","@id":"https:\/\/www.eucare.it\/fr\/prodotto\/prodea-hydra-corpo\/#breadcrumb","itemListElement":[{"@type":"ListItem","position":1,"name":"Home","item":"https:\/\/www.eucare.it\/fr\/"},{"@type":"ListItem","position":2,"name":"Boutique","item":"https:\/\/www.eucare.it\/fr\/boutique\/"},{"@type":"ListItem","position":3,"name":"Prodea Hydra Corps"}]},{"@type":"WebSite","@id":"https:\/\/www.eucare.it\/#website","url":"https:\/\/www.eucare.it\/","name":"Eucare Dermatologia","description":"Prodotti Dermatologici.  Prevenzione, Cura e Trattamento della tua cute","publisher":{"@id":"https:\/\/www.eucare.it\/#organization"},"potentialAction":[{"@type":"SearchAction","target":{"@type":"EntryPoint","urlTemplate":"https:\/\/www.eucare.it\/?s={search_term_string}"},"query-input":{"@type":"PropertyValueSpecification","valueRequired":true,"valueName":"search_term_string"}}],"inLanguage":"fr-FR"},{"@type":"Organization","@id":"https:\/\/www.eucare.it\/#organization","name":"EUCARE Prodotti Dermatologici","url":"https:\/\/www.eucare.it\/","logo":{"@type":"ImageObject","inLanguage":"fr-FR","@id":"https:\/\/www.eucare.it\/#\/schema\/logo\/image\/","url":"https:\/\/www.eucare.it\/wp-content\/uploads\/logo_eucare-news.png","contentUrl":"https:\/\/www.eucare.it\/wp-content\/uploads\/logo_eucare-news.png","width":239,"height":164,"caption":"EUCARE Prodotti Dermatologici"},"image":{"@id":"https:\/\/www.eucare.it\/#\/schema\/logo\/image\/"}}]}},"_links":{"self":[{"href":"https:\/\/www.eucare.it\/fr\/wp-json\/wp\/v2\/product\/1326","targetHints":{"allow":["GET"]}}],"collection":[{"href":"https:\/\/www.eucare.it\/fr\/wp-json\/wp\/v2\/product"}],"about":[{"href":"https:\/\/www.eucare.it\/fr\/wp-json\/wp\/v2\/types\/product"}],"replies":[{"embeddable":true,"href":"https:\/\/www.eucare.it\/fr\/wp-json\/wp\/v2\/comments?post=1326"}],"wp:featuredmedia":[{"embeddable":true,"href":"https:\/\/www.eucare.it\/fr\/wp-json\/wp\/v2\/media\/1935"}],"wp:attachment":[{"href":"https:\/\/www.eucare.it\/fr\/wp-json\/wp\/v2\/media?parent=1326"}],"wp:term":[{"taxonomy":"product_brand","embeddable":true,"href":"https:\/\/www.eucare.it\/fr\/wp-json\/wp\/v2\/product_brand?post=1326"},{"taxonomy":"product_cat","embeddable":true,"href":"https:\/\/www.eucare.it\/fr\/wp-json\/wp\/v2\/product_cat?post=1326"},{"taxonomy":"product_tag","embeddable":true,"href":"https:\/\/www.eucare.it\/fr\/wp-json\/wp\/v2\/product_tag?post=1326"}],"curies":[{"name":"wp","href":"https:\/\/api.w.org\/{rel}","templated":true}]}}