{"id":1551,"date":"2013-09-23T13:00:24","date_gmt":"2013-09-23T11:00:24","guid":{"rendered":"http:\/\/www.eucare.it\/product\/vasesal-30\/"},"modified":"2013-09-23T13:00:24","modified_gmt":"2013-09-23T11:00:24","slug":"vasesal-30","status":"publish","type":"product","link":"https:\/\/www.eucare.it\/fr\/prodotto\/vasesal-30\/","title":{"rendered":"Vasesal 30"},"content":{"rendered":"<div class=\"wpb-content-wrapper\"><h3 class=\"title slider-title\">Vasesal 30<\/h3>\n<p>Pommade k\u00e9ratolytique \u00e0 l&#8217;acide salicylique 30%<\/p>\n<p>VASESAL 30 est un dispositif m\u00e9dical pour aider \u00e0 l&#8217;\u00e9limination \u00e0 base de k\u00e9ratolytique des couches hyperk\u00e9ratosiques de la peau. L&#8217;acide salicylique \u00e0 30% favorise et facilite une forte action sur l&#8217;amincissement de la couche corn\u00e9e de zones hyperk\u00e9ratosiques.<\/p>\n<p>VASESAL 30 est id\u00e9ale comme pr\u00e9paration pour le traitement des interventions de cryoth\u00e9rapie. Les traitements k\u00e9ratolytiques sont utiles pour la pr\u00e9paration de cryoth\u00e9rapie ou de traitement \u00e0 base de k\u00e9ratolytique du psoriasis et  hyperk\u00e9ratose de la peau (callosit\u00e9s, Cors) difficiles \u00e0 traiter dans la pratique clinique courante, la k\u00e9ratose actinique, ichtyose.<\/p>\n<p>AVERTISSEMENTS: VASESAL 30 ne doit pas \u00eatre utilis\u00e9 sur la peau l\u00e9s\u00e9e, peau infect\u00e9e, des plaies ou des troubles de la peau irritatives.<\/p>\n<h4>Ingr\u00e9dients<\/h4>\n<p>Isoparaffine, paraffine FU, acide salicylique, l&#8217;huile de coco hydrog\u00e9n\u00e9e, cire d&#8217;abeille.<\/p>\n<p>&nbsp;<br \/>\n<strong>UTILISATION ORALE<\/strong><br \/>\n<strong>6 sachets multi-doses de 5 ml<\/strong><\/p>\n<p>&nbsp;<br \/>\n<br \/>\n[vc_row css=&#8221;.vc_custom_1483453657762{background-color: #f4f4f4 !important;}&#8221;][\/vc_row][vc_row css=&#8221;.vc_custom_1483453690451{background-color: #f2f2f2 !important;}&#8221;][vc_column][vc_column_text]<\/p>\n<h3 class=\"title slider-title\">Infos et Exp\u00e9dition<\/h3>\n<p>[\/vc_column_text][vc_row_inner][vc_column_inner width=&#8221;1\/2&#8243;][vc_column_text]\n<div class=\"wpcf7 no-js\" id=\"wpcf7-f1327-o1\" lang=\"it-IT\" dir=\"ltr\" data-wpcf7-id=\"1327\">\n<div class=\"screen-reader-response\"><p role=\"status\" aria-live=\"polite\" aria-atomic=\"true\"><\/p> <ul><\/ul><\/div>\n<form action=\"\/fr\/wp-json\/wp\/v2\/product\/1551#wpcf7-f1327-o1\" method=\"post\" class=\"wpcf7-form init\" aria-label=\"Modulo di contatto\" novalidate=\"novalidate\" data-status=\"init\">\n<fieldset class=\"hidden-fields-container\"><input type=\"hidden\" name=\"_wpcf7\" value=\"1327\" \/><input type=\"hidden\" name=\"_wpcf7_version\" value=\"6.1.5\" \/><input type=\"hidden\" name=\"_wpcf7_locale\" value=\"it_IT\" \/><input type=\"hidden\" name=\"_wpcf7_unit_tag\" value=\"wpcf7-f1327-o1\" \/><input type=\"hidden\" name=\"_wpcf7_container_post\" value=\"0\" \/><input type=\"hidden\" name=\"_wpcf7_posted_data_hash\" value=\"\" \/>\n<\/fieldset>\n<h5><b>Demandez plus d'informations pour ce produit Dermatologiques<\/b>\n<\/h5>\n<p>Remplissez le formulaire pour demander plus d'informations sur ce produit. Le personnel Ilnostro r\u00e9pondra le plus rapidement possible\n<\/p>\n<p><label><span class=\"wpcf7-form-control-wrap\" data-name=\"your-email\"><input size=\"40\" maxlength=\"400\" class=\"wpcf7-form-control wpcf7-email wpcf7-validates-as-required wpcf7-text wpcf7-validates-as-email\" aria-required=\"true\" aria-invalid=\"false\" placeholder=\"*Email\" value=\"\" type=\"email\" name=\"your-email\" \/><\/span> <\/label>\n<\/p>\n<p><label> <span class=\"wpcf7-form-control-wrap\" data-name=\"your-message\"><textarea cols=\"40\" rows=\"10\" maxlength=\"2000\" class=\"wpcf7-form-control wpcf7-textarea wpcf7-validates-as-required\" aria-required=\"true\" aria-invalid=\"false\" placeholder=\"*S&#039;il vous pla\u00eet taper votre message de demande...\" name=\"your-message\"><\/textarea><\/span> <\/label>\n<\/p>\n<p><label><span class=\"wpcf7-form-control-wrap\" data-name=\"acceptance-293\"><span class=\"wpcf7-form-control wpcf7-acceptance\"><span class=\"wpcf7-list-item\"><input type=\"checkbox\" name=\"acceptance-293\" value=\"1\" aria-invalid=\"false\" \/><\/span><\/span><\/span>\n\t\t<font size=\"1\">Consentement <a href=\"http:\/\/www.eucare.it\/fr\/privacy-cookies-policy\/\" target=_blank\"\">Privacy<\/a>\n\t\t<\/font><\/label>\n<\/p>\n<p><input class=\"wpcf7-form-control wpcf7-submit has-spinner\" type=\"submit\" value=\"ENVOYER\" \/>\n<\/p><div class=\"wpcf7-response-output\" aria-hidden=\"true\"><\/div>\n<\/form>\n<\/div>\n[\/vc_column_text][\/vc_column_inner][vc_column_inner width=&#8221;1\/2&#8243;][vc_column_text]<\/p>\n<h5><b>Pr\u00e9vention, soins et traitement de votre peau<\/b><\/h5>\n<p>Les produits de lignes de EUCARE sont essentiels dans la pr\u00e9vention, les soins et le traitement de la peau. Tous les produits de la ligne EUCARE sont strictement produits en Italie.<\/p>\n<p><span style=\"font-size: medium;\"><i class=\"fa fa-truck\"><\/i> Livraison Courier Express<\/span><br \/>\nLes commandes re\u00e7ues sur le site sont trait\u00e9es quotidiennement. Les exp\u00e9ditions sont effectu\u00e9es par courrier express avec livraison en moins de 48 \/ 72 heures.<\/p>\n<p><span style=\"font-size: medium;\"><i class=\"fa fa-credit-card\"><\/i> Paiements S\u00e9curis\u00e9s <\/span><br \/>\nTous les produits sur le site peuvent \u00eatre pay\u00e9s par carte de cr\u00e9dit ou virement bancaire. Les syst\u00e8mes de paiement sont v\u00e9rifi\u00e9s Paypal.<\/p>\n<p><span style=\"font-size: medium;\"><i class=\"fa fa-comments-o\"><\/i> <b>Assistance Commandes<\/b><\/span><br \/>\nVous pouvez via le formulaire de contact dans les sections d\u00e9di\u00e9es demander toutes les informations de vos produits ou vos commandes de EUCARE. Notre personnel est \u00e0 votre disposition durant la pr\u00e9-vente qu&#8217;ainsi durant l&#8217;apr\u00e8s-vente.<br \/>\n[\/vc_column_text][\/vc_column_inner][\/vc_row_inner][\/vc_column][\/vc_row]<\/p>\n<\/div>","protected":false},"excerpt":{"rendered":"<p>Onguent k\u00e9ratolytique. dispositif d&#8217;assistance m\u00e9dicale pour \u00e9liminer le choc k\u00e9ratolytique des couches hyperk\u00e9ratosiques de la peau.<\/p>\n","protected":false},"featured_media":12116,"comment_status":"closed","ping_status":"closed","template":"","meta":[],"product_brand":[],"product_cat":[41],"product_tag":[],"class_list":{"0":"post-1551","1":"product","2":"type-product","3":"status-publish","4":"has-post-thumbnail","6":"product_cat-dispositifs-medicaux","8":"first","9":"outofstock","10":"sale","11":"shipping-taxable","12":"purchasable","13":"product-type-simple"},"yoast_head":"<!-- This site is optimized with the Yoast SEO plugin v27.1.1 - https:\/\/yoast.com\/product\/yoast-seo-wordpress\/ -->\n<title>Vasesal 30 - Eucare Dermatologia<\/title>\n<meta name=\"robots\" content=\"index, follow, max-snippet:-1, max-image-preview:large, max-video-preview:-1\" \/>\n<link rel=\"canonical\" href=\"https:\/\/www.eucare.it\/prodotto\/vasesal-30\/\" \/>\n<meta property=\"og:locale\" content=\"fr_FR\" \/>\n<meta property=\"og:type\" content=\"article\" \/>\n<meta property=\"og:title\" content=\"Vasesal 30 - Eucare Dermatologia\" \/>\n<meta property=\"og:description\" content=\"Onguent k\u00e9ratolytique. dispositif d&#039;assistance m\u00e9dicale pour \u00e9liminer le choc k\u00e9ratolytique des couches hyperk\u00e9ratosiques de la peau.\" \/>\n<meta property=\"og:url\" content=\"https:\/\/www.eucare.it\/prodotto\/vasesal-30\/\" \/>\n<meta property=\"og:site_name\" content=\"Eucare Dermatologia\" \/>\n<meta property=\"og:image\" content=\"https:\/\/www.eucare.it\/wp-content\/uploads\/QK0A6540.jpg\" \/>\n\t<meta property=\"og:image:width\" content=\"1024\" \/>\n\t<meta property=\"og:image:height\" content=\"1024\" \/>\n\t<meta property=\"og:image:type\" content=\"image\/jpeg\" \/>\n<meta name=\"twitter:card\" content=\"summary_large_image\" \/>\n<meta name=\"twitter:label1\" content=\"Dur\u00e9e de lecture estim\u00e9e\" \/>\n\t<meta name=\"twitter:data1\" content=\"2 minutes\" \/>\n<script type=\"application\/ld+json\" class=\"yoast-schema-graph\">{\"@context\":\"https:\/\/schema.org\",\"@graph\":[{\"@type\":\"WebPage\",\"@id\":\"https:\/\/www.eucare.it\/prodotto\/vasesal-30\/\",\"url\":\"https:\/\/www.eucare.it\/prodotto\/vasesal-30\/\",\"name\":\"Vasesal 30 - Eucare Dermatologia\",\"isPartOf\":{\"@id\":\"https:\/\/www.eucare.it\/#website\"},\"primaryImageOfPage\":{\"@id\":\"https:\/\/www.eucare.it\/prodotto\/vasesal-30\/#primaryimage\"},\"image\":{\"@id\":\"https:\/\/www.eucare.it\/prodotto\/vasesal-30\/#primaryimage\"},\"thumbnailUrl\":\"https:\/\/www.eucare.it\/wp-content\/uploads\/QK0A6540.jpg\",\"datePublished\":\"2013-09-23T11:00:24+00:00\",\"breadcrumb\":{\"@id\":\"https:\/\/www.eucare.it\/prodotto\/vasesal-30\/#breadcrumb\"},\"inLanguage\":\"fr-FR\",\"potentialAction\":[{\"@type\":\"ReadAction\",\"target\":[\"https:\/\/www.eucare.it\/prodotto\/vasesal-30\/\"]}]},{\"@type\":\"ImageObject\",\"inLanguage\":\"fr-FR\",\"@id\":\"https:\/\/www.eucare.it\/prodotto\/vasesal-30\/#primaryimage\",\"url\":\"https:\/\/www.eucare.it\/wp-content\/uploads\/QK0A6540.jpg\",\"contentUrl\":\"https:\/\/www.eucare.it\/wp-content\/uploads\/QK0A6540.jpg\",\"width\":1024,\"height\":1024},{\"@type\":\"BreadcrumbList\",\"@id\":\"https:\/\/www.eucare.it\/prodotto\/vasesal-30\/#breadcrumb\",\"itemListElement\":[{\"@type\":\"ListItem\",\"position\":1,\"name\":\"Home\",\"item\":\"https:\/\/www.eucare.it\/fr\/\"},{\"@type\":\"ListItem\",\"position\":2,\"name\":\"Boutique\",\"item\":\"https:\/\/www.eucare.it\/fr\/boutique\/\"},{\"@type\":\"ListItem\",\"position\":3,\"name\":\"Vasesal 30\"}]},{\"@type\":\"WebSite\",\"@id\":\"https:\/\/www.eucare.it\/#website\",\"url\":\"https:\/\/www.eucare.it\/\",\"name\":\"Eucare Dermatologia\",\"description\":\"Prodotti Dermatologici.  Prevenzione, Cura e Trattamento della tua cute\",\"publisher\":{\"@id\":\"https:\/\/www.eucare.it\/#organization\"},\"potentialAction\":[{\"@type\":\"SearchAction\",\"target\":{\"@type\":\"EntryPoint\",\"urlTemplate\":\"https:\/\/www.eucare.it\/?s={search_term_string}\"},\"query-input\":{\"@type\":\"PropertyValueSpecification\",\"valueRequired\":true,\"valueName\":\"search_term_string\"}}],\"inLanguage\":\"fr-FR\"},{\"@type\":\"Organization\",\"@id\":\"https:\/\/www.eucare.it\/#organization\",\"name\":\"EUCARE Prodotti Dermatologici\",\"url\":\"https:\/\/www.eucare.it\/\",\"logo\":{\"@type\":\"ImageObject\",\"inLanguage\":\"fr-FR\",\"@id\":\"https:\/\/www.eucare.it\/#\/schema\/logo\/image\/\",\"url\":\"https:\/\/www.eucare.it\/wp-content\/uploads\/logo_eucare-news.png\",\"contentUrl\":\"https:\/\/www.eucare.it\/wp-content\/uploads\/logo_eucare-news.png\",\"width\":239,\"height\":164,\"caption\":\"EUCARE Prodotti Dermatologici\"},\"image\":{\"@id\":\"https:\/\/www.eucare.it\/#\/schema\/logo\/image\/\"}}]}<\/script>\n<!-- \/ Yoast SEO plugin. -->","yoast_head_json":{"title":"Vasesal 30 - Eucare Dermatologia","robots":{"index":"index","follow":"follow","max-snippet":"max-snippet:-1","max-image-preview":"max-image-preview:large","max-video-preview":"max-video-preview:-1"},"canonical":"https:\/\/www.eucare.it\/prodotto\/vasesal-30\/","og_locale":"fr_FR","og_type":"article","og_title":"Vasesal 30 - Eucare Dermatologia","og_description":"Onguent k\u00e9ratolytique. dispositif d'assistance m\u00e9dicale pour \u00e9liminer le choc k\u00e9ratolytique des couches hyperk\u00e9ratosiques de la peau.","og_url":"https:\/\/www.eucare.it\/prodotto\/vasesal-30\/","og_site_name":"Eucare Dermatologia","og_image":[{"width":1024,"height":1024,"url":"https:\/\/www.eucare.it\/wp-content\/uploads\/QK0A6540.jpg","type":"image\/jpeg"}],"twitter_card":"summary_large_image","twitter_misc":{"Dur\u00e9e de lecture estim\u00e9e":"2 minutes"},"schema":{"@context":"https:\/\/schema.org","@graph":[{"@type":"WebPage","@id":"https:\/\/www.eucare.it\/prodotto\/vasesal-30\/","url":"https:\/\/www.eucare.it\/prodotto\/vasesal-30\/","name":"Vasesal 30 - Eucare Dermatologia","isPartOf":{"@id":"https:\/\/www.eucare.it\/#website"},"primaryImageOfPage":{"@id":"https:\/\/www.eucare.it\/prodotto\/vasesal-30\/#primaryimage"},"image":{"@id":"https:\/\/www.eucare.it\/prodotto\/vasesal-30\/#primaryimage"},"thumbnailUrl":"https:\/\/www.eucare.it\/wp-content\/uploads\/QK0A6540.jpg","datePublished":"2013-09-23T11:00:24+00:00","breadcrumb":{"@id":"https:\/\/www.eucare.it\/prodotto\/vasesal-30\/#breadcrumb"},"inLanguage":"fr-FR","potentialAction":[{"@type":"ReadAction","target":["https:\/\/www.eucare.it\/prodotto\/vasesal-30\/"]}]},{"@type":"ImageObject","inLanguage":"fr-FR","@id":"https:\/\/www.eucare.it\/prodotto\/vasesal-30\/#primaryimage","url":"https:\/\/www.eucare.it\/wp-content\/uploads\/QK0A6540.jpg","contentUrl":"https:\/\/www.eucare.it\/wp-content\/uploads\/QK0A6540.jpg","width":1024,"height":1024},{"@type":"BreadcrumbList","@id":"https:\/\/www.eucare.it\/prodotto\/vasesal-30\/#breadcrumb","itemListElement":[{"@type":"ListItem","position":1,"name":"Home","item":"https:\/\/www.eucare.it\/fr\/"},{"@type":"ListItem","position":2,"name":"Boutique","item":"https:\/\/www.eucare.it\/fr\/boutique\/"},{"@type":"ListItem","position":3,"name":"Vasesal 30"}]},{"@type":"WebSite","@id":"https:\/\/www.eucare.it\/#website","url":"https:\/\/www.eucare.it\/","name":"Eucare Dermatologia","description":"Prodotti Dermatologici.  Prevenzione, Cura e Trattamento della tua cute","publisher":{"@id":"https:\/\/www.eucare.it\/#organization"},"potentialAction":[{"@type":"SearchAction","target":{"@type":"EntryPoint","urlTemplate":"https:\/\/www.eucare.it\/?s={search_term_string}"},"query-input":{"@type":"PropertyValueSpecification","valueRequired":true,"valueName":"search_term_string"}}],"inLanguage":"fr-FR"},{"@type":"Organization","@id":"https:\/\/www.eucare.it\/#organization","name":"EUCARE Prodotti Dermatologici","url":"https:\/\/www.eucare.it\/","logo":{"@type":"ImageObject","inLanguage":"fr-FR","@id":"https:\/\/www.eucare.it\/#\/schema\/logo\/image\/","url":"https:\/\/www.eucare.it\/wp-content\/uploads\/logo_eucare-news.png","contentUrl":"https:\/\/www.eucare.it\/wp-content\/uploads\/logo_eucare-news.png","width":239,"height":164,"caption":"EUCARE Prodotti Dermatologici"},"image":{"@id":"https:\/\/www.eucare.it\/#\/schema\/logo\/image\/"}}]}},"_links":{"self":[{"href":"https:\/\/www.eucare.it\/fr\/wp-json\/wp\/v2\/product\/1551","targetHints":{"allow":["GET"]}}],"collection":[{"href":"https:\/\/www.eucare.it\/fr\/wp-json\/wp\/v2\/product"}],"about":[{"href":"https:\/\/www.eucare.it\/fr\/wp-json\/wp\/v2\/types\/product"}],"replies":[{"embeddable":true,"href":"https:\/\/www.eucare.it\/fr\/wp-json\/wp\/v2\/comments?post=1551"}],"wp:featuredmedia":[{"embeddable":true,"href":"https:\/\/www.eucare.it\/fr\/wp-json\/wp\/v2\/media\/12116"}],"wp:attachment":[{"href":"https:\/\/www.eucare.it\/fr\/wp-json\/wp\/v2\/media?parent=1551"}],"wp:term":[{"taxonomy":"product_brand","embeddable":true,"href":"https:\/\/www.eucare.it\/fr\/wp-json\/wp\/v2\/product_brand?post=1551"},{"taxonomy":"product_cat","embeddable":true,"href":"https:\/\/www.eucare.it\/fr\/wp-json\/wp\/v2\/product_cat?post=1551"},{"taxonomy":"product_tag","embeddable":true,"href":"https:\/\/www.eucare.it\/fr\/wp-json\/wp\/v2\/product_tag?post=1551"}],"curies":[{"name":"wp","href":"https:\/\/api.w.org\/{rel}","templated":true}]}}